{"id":2,"date":"2020-10-13T18:15:11","date_gmt":"2020-10-13T16:15:11","guid":{"rendered":"http:\/\/dansedexpression.fr\/?page_id=2"},"modified":"2025-03-14T11:50:12","modified_gmt":"2025-03-14T10:50:12","slug":"historique","status":"publish","type":"page","link":"https:\/\/www.dansedexpression.fr\/index.php\/historique\/","title":{"rendered":"historique"},"content":{"rendered":"<p align=\"JUSTIFY\"><span style=\"color: #000000;\">DANSE D\u2019EXPRESSION fond\u00e9e en 1960, devient une association en 1991. <\/span><\/p>\n<p align=\"JUSTIFY\"><span style=\"color: #000000;\"><span style=\"font-size: large;\"><i><b>Plus de 40 ans d\u2019exp\u00e9rience\u00a0!<\/b><\/i><\/span><\/span><\/p>\n<p align=\"JUSTIFY\"><span style=\"color: #000000;\">L\u2019association propose des cours de danse et des stages, par des professeures dipl\u00f4m\u00e9es d\u2019\u00e9tat, <\/span><\/p>\n<p align=\"JUSTIFY\"><span style=\"color: #000000;\"><i><b>de diff\u00e9rents styles<\/b><\/i> : modern-jazz, contemporain, claquettes, initiation danse, \u00e9veil corporel, classique, hip-hop.<br \/>\n<\/span><\/p>\n<p align=\"JUSTIFY\"><span style=\"color: #000000;\"><i><b>et de diff\u00e9rents niveaux<\/b><\/i>\u00a0: des d\u00e9butants aux avanc\u00e9s, <\/span><\/p>\n<p align=\"JUSTIFY\"><span style=\"color: #000000;\">ainsi que des cours de yoga, stretching, fitness.<\/span><\/p>\n<p align=\"JUSTIFY\"><span style=\"color: #000000;\">Elle accueille les \u00e9l\u00e8ves \u00e0 partir de 4 ans jusqu\u2019aux adultes.<\/span><\/p>\n","protected":false},"excerpt":{"rendered":"<p>DANSE D\u2019EXPRESSION fond\u00e9e en 1960, devient une association en 1991. Plus de 40 ans d\u2019exp\u00e9rience\u00a0! L\u2019association propose des cours de danse et des stages, par des professeures dipl\u00f4m\u00e9es d\u2019\u00e9tat, de diff\u00e9rents styles : modern-jazz, contemporain, claquettes, initiation danse, \u00e9veil corporel, classique, hip-hop. et de diff\u00e9rents niveaux\u00a0: des d\u00e9butants aux avanc\u00e9s, ainsi que des cours de [&hellip;]<\/p>\n","protected":false},"author":1,"featured_media":0,"parent":0,"menu_order":0,"comment_status":"closed","ping_status":"closed","template":"","meta":{"footnotes":""},"class_list":["post-2","page","type-page","status-publish","hentry"],"aioseo_notices":[],"_links":{"self":[{"href":"https:\/\/www.dansedexpression.fr\/index.php\/wp-json\/wp\/v2\/pages\/2","targetHints":{"allow":["GET"]}}],"collection":[{"href":"https:\/\/www.dansedexpression.fr\/index.php\/wp-json\/wp\/v2\/pages"}],"about":[{"href":"https:\/\/www.dansedexpression.fr\/index.php\/wp-json\/wp\/v2\/types\/page"}],"author":[{"embeddable":true,"href":"https:\/\/www.dansedexpression.fr\/index.php\/wp-json\/wp\/v2\/users\/1"}],"replies":[{"embeddable":true,"href":"https:\/\/www.dansedexpression.fr\/index.php\/wp-json\/wp\/v2\/comments?post=2"}],"version-history":[{"count":5,"href":"https:\/\/www.dansedexpression.fr\/index.php\/wp-json\/wp\/v2\/pages\/2\/revisions"}],"predecessor-version":[{"id":815,"href":"https:\/\/www.dansedexpression.fr\/index.php\/wp-json\/wp\/v2\/pages\/2\/revisions\/815"}],"wp:attachment":[{"href":"https:\/\/www.dansedexpression.fr\/index.php\/wp-json\/wp\/v2\/media?parent=2"}],"curies":[{"name":"wp","href":"https:\/\/api.w.org\/{rel}","templated":true}]}}