{"id":504,"date":"2022-06-07T12:44:14","date_gmt":"2022-06-07T10:44:14","guid":{"rendered":"http:\/\/dansedexpression.fr\/?page_id=504"},"modified":"2025-07-04T12:15:54","modified_gmt":"2025-07-04T10:15:54","slug":"danse-contemporaine","status":"publish","type":"page","link":"https:\/\/www.dansedexpression.fr\/index.php\/stage\/danse-contemporaine\/","title":{"rendered":"Danse contemporaine"},"content":{"rendered":"\n<figure class=\"wp-block-gallery has-nested-images columns-default is-cropped wp-block-gallery-1 is-layout-flex wp-block-gallery-is-layout-flex\"><\/figure>\n\n\n\n<p>Pour la saison 2025-2026, quatre stages de danse contemporaine par mois (le samedi apr\u00e8s-midi) :<\/p>\n\n\n\n<p>&#8211; Stage ados (niveau interm\u00e9diaire\/avanc\u00e9) avec Charline Cochereau <br>&#8211; Stage adultes (niveau interm\u00e9diaire) avec Laurane Ligneau <br>&#8211; Stage adultes (niveau avanc\u00e9) avec Laurane Ligneau<br>&#8211; Stage en duo (niveau avanc\u00e9) avec Charline Cochereau et Laurane Ligneau <br><\/p>\n\n\n\n<p><strong>DATES DES STAGES : <\/strong><\/p>\n\n\n\n<p>dates \u00e0 venir&#8230;<\/p>\n\n\n\n<h2 class=\"wp-block-heading\">INTERVENANTES :<\/h2>\n\n\n\n<p>                                                                Laurane LIGNEAU et Charline COCHEREAU<\/p>\n\n\n\n<div class=\"wp-block-columns is-layout-flex wp-container-core-columns-is-layout-9d6595d7 wp-block-columns-is-layout-flex\">\n<div class=\"wp-block-column is-layout-flow wp-block-column-is-layout-flow\" style=\"flex-basis:100%\">\n<figure class=\"wp-block-gallery has-nested-images columns-default is-cropped wp-block-gallery-2 is-layout-flex wp-block-gallery-is-layout-flex\">\n<figure class=\"wp-block-image size-large\"><img loading=\"lazy\" decoding=\"async\" width=\"1024\" height=\"819\" data-id=\"629\" src=\"http:\/\/www.dansedexpression.fr\/wp-content\/uploads\/2023\/06\/stage-danse-contemporaine-1024x819.png\" alt=\"\" class=\"wp-image-629\" srcset=\"https:\/\/www.dansedexpression.fr\/wp-content\/uploads\/2023\/06\/stage-danse-contemporaine-1024x819.png 1024w, https:\/\/www.dansedexpression.fr\/wp-content\/uploads\/2023\/06\/stage-danse-contemporaine-300x240.png 300w, https:\/\/www.dansedexpression.fr\/wp-content\/uploads\/2023\/06\/stage-danse-contemporaine-768x614.png 768w, https:\/\/www.dansedexpression.fr\/wp-content\/uploads\/2023\/06\/stage-danse-contemporaine-1536x1229.png 1536w, https:\/\/www.dansedexpression.fr\/wp-content\/uploads\/2023\/06\/stage-danse-contemporaine.png 2000w\" sizes=\"auto, (max-width: 1024px) 100vw, 1024px\" \/><\/figure>\n<\/figure>\n<\/div>\n<\/div>\n\n\n\n<p>photos : OLIVIER MAHE et LAURE BENOIST CARRE<\/p>\n","protected":false},"excerpt":{"rendered":"<p>Pour la saison 2025-2026, quatre stages de danse contemporaine par mois (le samedi apr\u00e8s-midi) : &#8211; Stage ados (niveau interm\u00e9diaire\/avanc\u00e9) avec Charline Cochereau &#8211; Stage adultes (niveau interm\u00e9diaire) avec Laurane Ligneau &#8211; Stage adultes (niveau avanc\u00e9) avec Laurane Ligneau&#8211; Stage en duo (niveau avanc\u00e9) avec Charline Cochereau et Laurane Ligneau DATES DES STAGES : dates [&hellip;]<\/p>\n","protected":false},"author":1,"featured_media":0,"parent":184,"menu_order":0,"comment_status":"closed","ping_status":"closed","template":"","meta":{"footnotes":""},"class_list":["post-504","page","type-page","status-publish","hentry"],"aioseo_notices":[],"_links":{"self":[{"href":"https:\/\/www.dansedexpression.fr\/index.php\/wp-json\/wp\/v2\/pages\/504","targetHints":{"allow":["GET"]}}],"collection":[{"href":"https:\/\/www.dansedexpression.fr\/index.php\/wp-json\/wp\/v2\/pages"}],"about":[{"href":"https:\/\/www.dansedexpression.fr\/index.php\/wp-json\/wp\/v2\/types\/page"}],"author":[{"embeddable":true,"href":"https:\/\/www.dansedexpression.fr\/index.php\/wp-json\/wp\/v2\/users\/1"}],"replies":[{"embeddable":true,"href":"https:\/\/www.dansedexpression.fr\/index.php\/wp-json\/wp\/v2\/comments?post=504"}],"version-history":[{"count":21,"href":"https:\/\/www.dansedexpression.fr\/index.php\/wp-json\/wp\/v2\/pages\/504\/revisions"}],"predecessor-version":[{"id":830,"href":"https:\/\/www.dansedexpression.fr\/index.php\/wp-json\/wp\/v2\/pages\/504\/revisions\/830"}],"up":[{"embeddable":true,"href":"https:\/\/www.dansedexpression.fr\/index.php\/wp-json\/wp\/v2\/pages\/184"}],"wp:attachment":[{"href":"https:\/\/www.dansedexpression.fr\/index.php\/wp-json\/wp\/v2\/media?parent=504"}],"curies":[{"name":"wp","href":"https:\/\/api.w.org\/{rel}","templated":true}]}}